{"id":260,"date":"2025-01-11T19:14:03","date_gmt":"2025-01-12T03:14:03","guid":{"rendered":"https:\/\/www.gabriellelacelle.com\/?page_id=260"},"modified":"2025-01-23T11:45:49","modified_gmt":"2025-01-23T19:45:49","slug":"read-excerpts","status":"publish","type":"page","link":"https:\/\/www.gabriellelacelle.com\/?page_id=260","title":{"rendered":"Read Excerpts"},"content":{"rendered":"\n<div class=\"wp-block-columns is-layout-flex wp-container-core-columns-is-layout-9d6595d7 wp-block-columns-is-layout-flex\">\n<div class=\"wp-block-column is-layout-flow wp-block-column-is-layout-flow\">\n<h2 class=\"wp-block-heading\">Premonitions<\/h2>\n\n\n\n<p class=\"has-medium-font-size\">&#8220;It seems so real. Maman, I keep having this horrible dream over and over again. There&#8217;s fire everywhere around us. Our animals are dead and everybody&#8217;s running in every direction to escape. I wake up sweating and my heart&#8217;s beating so fast.&#8221;<\/p>\n\n\n\n<figure class=\"wp-block-image size-full\"><img fetchpriority=\"high\" decoding=\"async\" width=\"445\" height=\"630\" src=\"https:\/\/www.gabriellelacelle.com\/wp-content\/uploads\/2025\/01\/grandPreBritish.png\" alt=\"\" class=\"wp-image-369\" srcset=\"https:\/\/www.gabriellelacelle.com\/wp-content\/uploads\/2025\/01\/grandPreBritish.png 445w, https:\/\/www.gabriellelacelle.com\/wp-content\/uploads\/2025\/01\/grandPreBritish-212x300.png 212w\" sizes=\"(max-width: 445px) 100vw, 445px\" \/><\/figure>\n\n\n\n<p class=\"has-small-font-size\">Lecture de l\u2019ordonnance d\u2019expulsion des Acadiens dans l\u2019\u00e9glise \u00e0 Grand Pr\u00e9, 1755. <strong>Source<\/strong>: Library and Archives Canada\/c073709k.<\/p>\n\n\n\n<h2 class=\"wp-block-heading\">Outnumbered<\/h2>\n\n\n\n<p class=\"has-medium-font-size\">\u201cWe cannot stay here,\u201d Hubert yelled as he pleaded with Marianne.&nbsp;\u201cWe\u2019re doomed, outnumbered and weakened. Come dawn, they\u2019ll either kill us all or throw those of us still standing on those ships.\u201d<\/p>\n<\/div>\n\n\n\n<div class=\"wp-block-column is-layout-flow wp-block-column-is-layout-flow\">\n<figure class=\"wp-block-image size-full\"><img decoding=\"async\" width=\"856\" height=\"510\" src=\"https:\/\/www.gabriellelacelle.com\/wp-content\/uploads\/2025\/01\/evangelineNo4_light.png\" alt=\"\" class=\"wp-image-280\" srcset=\"https:\/\/www.gabriellelacelle.com\/wp-content\/uploads\/2025\/01\/evangelineNo4_light.png 856w, https:\/\/www.gabriellelacelle.com\/wp-content\/uploads\/2025\/01\/evangelineNo4_light-300x179.png 300w, https:\/\/www.gabriellelacelle.com\/wp-content\/uploads\/2025\/01\/evangelineNo4_light-768x458.png 768w\" sizes=\"(max-width: 856px) 100vw, 856px\" \/><\/figure>\n\n\n\n<p class=\"has-small-font-size\">Crossing the bay at night in the cold. Nova Scotia Archives Photo Collection: Miscellaneous: Costumes: Acadian no.4<\/p>\n\n\n\n<h2 class=\"wp-block-heading\">So Little Food<\/h2>\n\n\n\n<p class=\"has-medium-font-size\">Isabelle exploded: &#8220;How can they expect us to make meals for this whole camp with so little food? Mothers come crying because they&#8217;re not eating enough to make milk for their infants.&#8221; Tears of anger and frustration streamed down her face. &#8220;Babies are crying all the time from hunger because they&#8217;re not getting enough food to grow. They&#8217;re starving, Gerrard!&#8221;<\/p>\n\n\n\n<h2 class=\"wp-block-heading\">Remorse<\/h2>\n\n\n\n<p class=\"has-medium-font-size\">Fran\u00e7ois suddenly felt a deep remorse for having led his children on such a difficult journey. They had been wandering directionless for over a year, always on the verge of starvation, or worse, capture.<\/p>\n\n\n\n<h2 class=\"wp-block-heading\">A Harsh Winter<\/h2>\n\n\n\n<p class=\"has-medium-font-size\">Another eleven Acadians died, some families completely obliterated due to smallpox. Group burials were held, at times more than a dozen bodies were lowered to their place of rest on the same day. Grief and fear gripped the community. Acadians retreated and the villagers sought to avoid them.<\/p>\n<\/div>\n<\/div>\n\n\n\n<hr class=\"wp-block-separator has-text-color has-alpha-channel-opacity has-background is-style-default\" style=\"background-color:#d0d3d6;color:#d0d3d6\"\/>\n\n\n\n<p>&nbsp;<\/p>\n","protected":false},"excerpt":{"rendered":"<p>Premonitions &#8220;It seems so real. Maman, I keep having this horrible dream over and over again. There&#8217;s fire everywhere around us. Our animals are dead and everybody&#8217;s running in every direction to escape. I wake up sweating and my heart&#8217;s beating so fast.&#8221; Lecture de l\u2019ordonnance d\u2019expulsion des Acadiens dans l\u2019\u00e9glise \u00e0 Grand Pr\u00e9, 1755. [&hellip;]<\/p>\n","protected":false},"author":1,"featured_media":0,"parent":0,"menu_order":0,"comment_status":"closed","ping_status":"closed","template":"","meta":{"footnotes":""},"class_list":["post-260","page","type-page","status-publish","hentry"],"_links":{"self":[{"href":"https:\/\/www.gabriellelacelle.com\/index.php?rest_route=\/wp\/v2\/pages\/260","targetHints":{"allow":["GET"]}}],"collection":[{"href":"https:\/\/www.gabriellelacelle.com\/index.php?rest_route=\/wp\/v2\/pages"}],"about":[{"href":"https:\/\/www.gabriellelacelle.com\/index.php?rest_route=\/wp\/v2\/types\/page"}],"author":[{"embeddable":true,"href":"https:\/\/www.gabriellelacelle.com\/index.php?rest_route=\/wp\/v2\/users\/1"}],"replies":[{"embeddable":true,"href":"https:\/\/www.gabriellelacelle.com\/index.php?rest_route=%2Fwp%2Fv2%2Fcomments&post=260"}],"version-history":[{"count":34,"href":"https:\/\/www.gabriellelacelle.com\/index.php?rest_route=\/wp\/v2\/pages\/260\/revisions"}],"predecessor-version":[{"id":569,"href":"https:\/\/www.gabriellelacelle.com\/index.php?rest_route=\/wp\/v2\/pages\/260\/revisions\/569"}],"wp:attachment":[{"href":"https:\/\/www.gabriellelacelle.com\/index.php?rest_route=%2Fwp%2Fv2%2Fmedia&parent=260"}],"curies":[{"name":"wp","href":"https:\/\/api.w.org\/{rel}","templated":true}]}}